{"id":141,"date":"2024-04-28T10:11:44","date_gmt":"2024-04-28T10:11:44","guid":{"rendered":"http:\/\/handball.xn--ek-hfingen-hcb.de\/?page_id=141"},"modified":"2024-06-17T11:19:04","modified_gmt":"2024-06-17T11:19:04","slug":"1-mannschaft-herren","status":"publish","type":"page","link":"https:\/\/ek-h\u00f6fingen.de\/ueber-uns\/?page_id=141","title":{"rendered":"1. Mannschaft Herren"},"content":{"rendered":"\n<figure class=\"wp-block-image size-large\"><img loading=\"lazy\" decoding=\"async\" width=\"1024\" height=\"640\" src=\"http:\/\/handball.xn--ek-hfingen-hcb.de\/wp-content\/uploads\/2024\/04\/Mannschaftsbild_NEU-2024-edited-1024x640.jpg\" alt=\"\" class=\"wp-image-161\" srcset=\"https:\/\/xn--ek-hfingen-hcb.de\/wp-content\/uploads\/2024\/04\/Mannschaftsbild_NEU-2024-edited-1024x640.jpg 1024w, https:\/\/xn--ek-hfingen-hcb.de\/wp-content\/uploads\/2024\/04\/Mannschaftsbild_NEU-2024-edited-300x187.jpg 300w, https:\/\/xn--ek-hfingen-hcb.de\/wp-content\/uploads\/2024\/04\/Mannschaftsbild_NEU-2024-edited-768x480.jpg 768w, https:\/\/xn--ek-hfingen-hcb.de\/wp-content\/uploads\/2024\/04\/Mannschaftsbild_NEU-2024-edited.jpg 1159w\" sizes=\"auto, (max-width: 1024px) 100vw, 1024px\" \/><\/figure>\n\n\n\n<p><\/p>\n\n\n\n<p>Unsere Herrenmannschaft k\u00e4mpft in schwarz &amp; gelb f\u00fcr H\u00f6fingen! Seit einigen Jahren sogar durchg\u00e4ngig in der h\u00f6chsten Spielklasse des Verbandes &#8211; der ejw-Landesliga.<\/p>\n\n\n\n<p>Wir trainieren einmal die Woche in der Strohg\u00e4uhalle H\u00f6fingen unter F\u00fchrung unseres Spielertrainers. Falls dieser einmal das Training nicht leiten kann, \u00fcbernehmen dies erfahrene Spieler aus unseren Reihen. Der Spa\u00df am Spiel und unsere tolle Gemeinschaft ist uns ebenso wichtig wie der sportliche Erfolg.<\/p>\n\n\n\n<p>Unser Team setzt sich bunt zusammen: Handballer, die einst in h\u00f6heren Spielklassen in anderen Verb\u00e4nden aktiv waren, finden bei uns ebenso Platz wie Quereinsteiger. Durch die \u00fcberschaubare Anzahl an Saisonspielen und Trainingszeiten k\u00f6nnen auch Menschen den Handballsport bei uns aus\u00fcben, denen dies sonst aufgrund von Arbeit und\/oder Familie nicht m\u00f6glich w\u00e4re.<\/p>\n\n\n\n<p><\/p>\n\n\n\n<p><strong><a href=\"http:\/\/handball.ek-h\u00f6fingen.de\/ueber-uns\/?page_id=171\" data-type=\"page\" data-id=\"166\"><em>Unsere Trainingszeiten<\/em><\/a><\/strong> sowie  <a href=\"https:\/\/eichenkreuzliga.de\/handball\/page\/p\/1077\" data-type=\"link\" data-id=\"https:\/\/eichenkreuzliga.de\/handball\/page\/p\/1077\"><strong><em>Spielplan und Tabelle <\/em><\/strong><\/a><\/p>\n\n\n\n<p><\/p>\n","protected":false},"excerpt":{"rendered":"<p>Unsere Herrenmannschaft k\u00e4mpft in schwarz &amp; gelb f\u00fcr H\u00f6fingen! Seit einigen Jahren sogar durchg\u00e4ngig in der h\u00f6chsten Spielklasse des Verbandes &#8211; der ejw-Landesliga. Wir trainieren einmal die Woche in der Strohg\u00e4uhalle H\u00f6fingen unter F\u00fchrung unseres Spielertrainers. Falls dieser einmal das Training nicht leiten kann, \u00fcbernehmen dies erfahrene Spieler aus unseren [&hellip;]<\/p>\n","protected":false},"author":1,"featured_media":0,"parent":0,"menu_order":0,"comment_status":"closed","ping_status":"closed","template":"","meta":{"_themeisle_gutenberg_block_has_review":false,"footnotes":""},"class_list":["post-141","page","type-page","status-publish","hentry"],"_links":{"self":[{"href":"https:\/\/ek-h\u00f6fingen.de\/ueber-uns\/index.php?rest_route=\/wp\/v2\/pages\/141","targetHints":{"allow":["GET"]}}],"collection":[{"href":"https:\/\/ek-h\u00f6fingen.de\/ueber-uns\/index.php?rest_route=\/wp\/v2\/pages"}],"about":[{"href":"https:\/\/ek-h\u00f6fingen.de\/ueber-uns\/index.php?rest_route=\/wp\/v2\/types\/page"}],"author":[{"embeddable":true,"href":"https:\/\/ek-h\u00f6fingen.de\/ueber-uns\/index.php?rest_route=\/wp\/v2\/users\/1"}],"replies":[{"embeddable":true,"href":"https:\/\/ek-h\u00f6fingen.de\/ueber-uns\/index.php?rest_route=%2Fwp%2Fv2%2Fcomments&post=141"}],"version-history":[{"count":7,"href":"https:\/\/ek-h\u00f6fingen.de\/ueber-uns\/index.php?rest_route=\/wp\/v2\/pages\/141\/revisions"}],"predecessor-version":[{"id":403,"href":"https:\/\/ek-h\u00f6fingen.de\/ueber-uns\/index.php?rest_route=\/wp\/v2\/pages\/141\/revisions\/403"}],"wp:attachment":[{"href":"https:\/\/ek-h\u00f6fingen.de\/ueber-uns\/index.php?rest_route=%2Fwp%2Fv2%2Fmedia&parent=141"}],"curies":[{"name":"wp","href":"https:\/\/api.w.org\/{rel}","templated":true}]}}