{"id":142,"date":"2024-04-28T16:54:17","date_gmt":"2024-04-28T16:54:17","guid":{"rendered":"http:\/\/handball.xn--ek-hfingen-hcb.de\/?page_id=142"},"modified":"2024-06-11T10:59:24","modified_gmt":"2024-06-11T10:59:24","slug":"d-jugend-2","status":"publish","type":"page","link":"https:\/\/ek-h\u00f6fingen.de\/ueber-uns\/?page_id=142","title":{"rendered":"D-Jugend"},"content":{"rendered":"\n<figure class=\"wp-block-image size-large is-resized\"><img loading=\"lazy\" decoding=\"async\" width=\"1024\" height=\"768\" src=\"http:\/\/handball.xn--ek-hfingen-hcb.de\/wp-content\/uploads\/2024\/04\/D-Jugend-1024x768.jpg\" alt=\"\" class=\"wp-image-121\" style=\"width:655px;height:auto\" srcset=\"https:\/\/xn--ek-hfingen-hcb.de\/wp-content\/uploads\/2024\/04\/D-Jugend-1024x768.jpg 1024w, https:\/\/xn--ek-hfingen-hcb.de\/wp-content\/uploads\/2024\/04\/D-Jugend-300x225.jpg 300w, https:\/\/xn--ek-hfingen-hcb.de\/wp-content\/uploads\/2024\/04\/D-Jugend-768x576.jpg 768w, https:\/\/xn--ek-hfingen-hcb.de\/wp-content\/uploads\/2024\/04\/D-Jugend-1536x1152.jpg 1536w, https:\/\/xn--ek-hfingen-hcb.de\/wp-content\/uploads\/2024\/04\/D-Jugend-2048x1536.jpg 2048w\" sizes=\"auto, (max-width: 1024px) 100vw, 1024px\" \/><\/figure>\n\n\n\n<p><\/p>\n\n\n\n<p>Der Wechsel von der E-Jugend in die D-Jugend ist bei den Kindern oft mit dem Wechsel auf die weiterf\u00fchrende Schule verkn\u00fcpft.&nbsp;Mit Einsatz der Pubert\u00e4t und dem Wechsel der Schule \u00e4ndert sich viel, Priorit\u00e4ten \u00e4ndern sich, neue Freundschaften werden geschlossen.&nbsp;<\/p>\n\n\n\n<p>Wir sehen uns hier als Fixpunkt in H\u00f6fingen, wo die Freundschaften der Grundschule unabh\u00e4ngig von der weiterf\u00fchrenden&nbsp;Schule bestehen bleiben.<\/p>\n\n\n\n<p>Im vergangenen Jahr schaffte unsere weibliche D-Jugend es ins &#8220;Final-Four&#8221;-Turnier und erreichte einen guten dritten Platz.<\/p>\n\n\n\n<p>Wir starten die Saison 2024\/25 mit einer weiblichen und seit langem wieder mit einer jungen m\u00e4nnlichen D-Jugend. Hier freuen wir uns im Training \u00fcber alle 11 bis 12-j\u00e4hrigen Kinder, die Handballluft in H\u00f6fingen schnuppern m\u00f6chten!<\/p>\n\n\n\n<p>Zur Saisonvorbereitung nehmen wir gerne an Rasenturnieren teil, was allen Beteiligten immer viel Spa\u00df macht.<\/p>\n\n\n\n<p><strong><em><a href=\"http:\/\/handball.ek-h\u00f6fingen.de\/ueber-uns\/?page_id=171\" data-type=\"link\" data-id=\"http:\/\/handball.ek-h\u00f6fingen.de\/ueber-uns\/?page_id=171\">Trainingszeiten<\/a><\/em><\/strong> sowie <strong><em><a href=\"https:\/\/eichenkreuzliga.de\/handball\" data-type=\"link\" data-id=\"https:\/\/eichenkreuzliga.de\/handball\/page\/p\/1087\">Spielplan und Tabelle<\/a><\/em><\/strong><\/p>\n","protected":false},"excerpt":{"rendered":"<p>Der Wechsel von der E-Jugend in die D-Jugend ist bei den Kindern oft mit dem Wechsel auf die weiterf\u00fchrende Schule verkn\u00fcpft.&nbsp;Mit Einsatz der Pubert\u00e4t und dem Wechsel der Schule \u00e4ndert sich viel, Priorit\u00e4ten \u00e4ndern sich, neue Freundschaften werden geschlossen.&nbsp; Wir sehen uns hier als Fixpunkt in H\u00f6fingen, wo die Freundschaften [&hellip;]<\/p>\n","protected":false},"author":1,"featured_media":0,"parent":0,"menu_order":0,"comment_status":"closed","ping_status":"closed","template":"","meta":{"_themeisle_gutenberg_block_has_review":false,"footnotes":""},"class_list":["post-142","page","type-page","status-publish","hentry"],"_links":{"self":[{"href":"https:\/\/ek-h\u00f6fingen.de\/ueber-uns\/index.php?rest_route=\/wp\/v2\/pages\/142","targetHints":{"allow":["GET"]}}],"collection":[{"href":"https:\/\/ek-h\u00f6fingen.de\/ueber-uns\/index.php?rest_route=\/wp\/v2\/pages"}],"about":[{"href":"https:\/\/ek-h\u00f6fingen.de\/ueber-uns\/index.php?rest_route=\/wp\/v2\/types\/page"}],"author":[{"embeddable":true,"href":"https:\/\/ek-h\u00f6fingen.de\/ueber-uns\/index.php?rest_route=\/wp\/v2\/users\/1"}],"replies":[{"embeddable":true,"href":"https:\/\/ek-h\u00f6fingen.de\/ueber-uns\/index.php?rest_route=%2Fwp%2Fv2%2Fcomments&post=142"}],"version-history":[{"count":6,"href":"https:\/\/ek-h\u00f6fingen.de\/ueber-uns\/index.php?rest_route=\/wp\/v2\/pages\/142\/revisions"}],"predecessor-version":[{"id":385,"href":"https:\/\/ek-h\u00f6fingen.de\/ueber-uns\/index.php?rest_route=\/wp\/v2\/pages\/142\/revisions\/385"}],"wp:attachment":[{"href":"https:\/\/ek-h\u00f6fingen.de\/ueber-uns\/index.php?rest_route=%2Fwp%2Fv2%2Fmedia&parent=142"}],"curies":[{"name":"wp","href":"https:\/\/api.w.org\/{rel}","templated":true}]}}