{"id":143,"date":"2024-05-03T20:17:56","date_gmt":"2024-05-03T20:17:56","guid":{"rendered":"http:\/\/handball.xn--ek-hfingen-hcb.de\/?page_id=143"},"modified":"2024-06-11T10:54:29","modified_gmt":"2024-06-11T10:54:29","slug":"e-jugend","status":"publish","type":"page","link":"https:\/\/ek-h\u00f6fingen.de\/ueber-uns\/?page_id=143","title":{"rendered":"E-Jugend"},"content":{"rendered":"\n<figure class=\"wp-block-image size-large is-resized\"><img loading=\"lazy\" decoding=\"async\" width=\"1024\" height=\"627\" src=\"http:\/\/handball.xn--ek-hfingen-hcb.de\/wp-content\/uploads\/2024\/04\/E-Jugend-2024-1024x627.jpg\" alt=\"\" class=\"wp-image-122\" style=\"width:671px;height:auto\" srcset=\"https:\/\/xn--ek-hfingen-hcb.de\/wp-content\/uploads\/2024\/04\/E-Jugend-2024-1024x627.jpg 1024w, https:\/\/xn--ek-hfingen-hcb.de\/wp-content\/uploads\/2024\/04\/E-Jugend-2024-300x184.jpg 300w, https:\/\/xn--ek-hfingen-hcb.de\/wp-content\/uploads\/2024\/04\/E-Jugend-2024-768x470.jpg 768w, https:\/\/xn--ek-hfingen-hcb.de\/wp-content\/uploads\/2024\/04\/E-Jugend-2024-1536x941.jpg 1536w, https:\/\/xn--ek-hfingen-hcb.de\/wp-content\/uploads\/2024\/04\/E-Jugend-2024-2048x1254.jpg 2048w\" sizes=\"auto, (max-width: 1024px) 100vw, 1024px\" \/><\/figure>\n\n\n\n<p><\/p>\n\n\n\n<p>In der kommenden Saison treten wir als Titelverteidiger an. Dank gro\u00dfer Einsatzbereitschaft, haben wir den Sprung vom letzten Tabellenplatz in der Vorsaison auf den ersten Tabellenplatz in der Saison 2023\/24 feiern d\u00fcrfen. Wir freuen uns sehr \u00fcber den gro\u00dfen Zulauf und die kontinuierliche Trainingsbeteiligung der Kinder, die zu diesem Erfolg f\u00fchrte.<\/p>\n\n\n\n<p>Der sportlicher Erfolg motiviert nat\u00fcrlich! Ebenso wichtig ist uns als Trainer aber auch, die Kinder f\u00fcr den Handballsport zu begeistern. Daher werden wir in der kommenden Saison zwei E-Jugendmannschaften stellen. So kann jedes Kind Erfahrung im Turnieralltag sammeln und Freude am Handballspiel entwickeln. In den Sommermonaten nehmen wir zudem an Rasenturnieren teil &#8211; diese sind f\u00fcr die Kinder oft ein Highlight!<\/p>\n\n\n\n<p>Wir freuen uns weiterhin \u00fcber alle Kinder im Alter von 9 bis 10 Jahren, die in H\u00f6fingen Handball ausprobieren m\u00f6chten.<\/p>\n\n\n\n<p><strong><em><a href=\"http:\/\/handball.ek-h\u00f6fingen.de\/ueber-uns\/?page_id=171\" data-type=\"link\" data-id=\"http:\/\/handball.ek-h\u00f6fingen.de\/ueber-uns\/?page_id=171\">Trainingszeiten<\/a><\/em><\/strong> sowie <strong><em><a href=\"https:\/\/eichenkreuzliga.de\/handball\/page\/p\/1087\" data-type=\"link\" data-id=\"https:\/\/eichenkreuzliga.de\/handball\/page\/p\/1087\">Spielplan und Tabelle<\/a><\/em><\/strong><\/p>\n\n\n\n<p><\/p>\n\n\n\n<p><\/p>\n","protected":false},"excerpt":{"rendered":"<p>In der kommenden Saison treten wir als Titelverteidiger an. Dank gro\u00dfer Einsatzbereitschaft, haben wir den Sprung vom letzten Tabellenplatz in der Vorsaison auf den ersten Tabellenplatz in der Saison 2023\/24 feiern d\u00fcrfen. Wir freuen uns sehr \u00fcber den gro\u00dfen Zulauf und die kontinuierliche Trainingsbeteiligung der Kinder, die zu diesem Erfolg [&hellip;]<\/p>\n","protected":false},"author":1,"featured_media":0,"parent":0,"menu_order":0,"comment_status":"closed","ping_status":"closed","template":"","meta":{"_themeisle_gutenberg_block_has_review":false,"footnotes":""},"class_list":["post-143","page","type-page","status-publish","hentry"],"_links":{"self":[{"href":"https:\/\/ek-h\u00f6fingen.de\/ueber-uns\/index.php?rest_route=\/wp\/v2\/pages\/143","targetHints":{"allow":["GET"]}}],"collection":[{"href":"https:\/\/ek-h\u00f6fingen.de\/ueber-uns\/index.php?rest_route=\/wp\/v2\/pages"}],"about":[{"href":"https:\/\/ek-h\u00f6fingen.de\/ueber-uns\/index.php?rest_route=\/wp\/v2\/types\/page"}],"author":[{"embeddable":true,"href":"https:\/\/ek-h\u00f6fingen.de\/ueber-uns\/index.php?rest_route=\/wp\/v2\/users\/1"}],"replies":[{"embeddable":true,"href":"https:\/\/ek-h\u00f6fingen.de\/ueber-uns\/index.php?rest_route=%2Fwp%2Fv2%2Fcomments&post=143"}],"version-history":[{"count":6,"href":"https:\/\/ek-h\u00f6fingen.de\/ueber-uns\/index.php?rest_route=\/wp\/v2\/pages\/143\/revisions"}],"predecessor-version":[{"id":379,"href":"https:\/\/ek-h\u00f6fingen.de\/ueber-uns\/index.php?rest_route=\/wp\/v2\/pages\/143\/revisions\/379"}],"wp:attachment":[{"href":"https:\/\/ek-h\u00f6fingen.de\/ueber-uns\/index.php?rest_route=%2Fwp%2Fv2%2Fmedia&parent=143"}],"curies":[{"name":"wp","href":"https:\/\/api.w.org\/{rel}","templated":true}]}}