{"id":144,"date":"2024-05-03T18:21:22","date_gmt":"2024-05-03T18:21:22","guid":{"rendered":"http:\/\/handball.xn--ek-hfingen-hcb.de\/?page_id=144"},"modified":"2024-06-11T11:05:43","modified_gmt":"2024-06-11T11:05:43","slug":"minis","status":"publish","type":"page","link":"https:\/\/ek-h\u00f6fingen.de\/ueber-uns\/?page_id=144","title":{"rendered":"Minis"},"content":{"rendered":"\n<figure class=\"wp-block-image size-large\"><img loading=\"lazy\" decoding=\"async\" width=\"1024\" height=\"627\" src=\"http:\/\/handball.xn--ek-hfingen-hcb.de\/wp-content\/uploads\/2024\/04\/E-Jugend-2024-1024x627.jpg\" alt=\"\" class=\"wp-image-122\" srcset=\"https:\/\/xn--ek-hfingen-hcb.de\/wp-content\/uploads\/2024\/04\/E-Jugend-2024-1024x627.jpg 1024w, https:\/\/xn--ek-hfingen-hcb.de\/wp-content\/uploads\/2024\/04\/E-Jugend-2024-300x184.jpg 300w, https:\/\/xn--ek-hfingen-hcb.de\/wp-content\/uploads\/2024\/04\/E-Jugend-2024-768x470.jpg 768w, https:\/\/xn--ek-hfingen-hcb.de\/wp-content\/uploads\/2024\/04\/E-Jugend-2024-1536x941.jpg 1536w, https:\/\/xn--ek-hfingen-hcb.de\/wp-content\/uploads\/2024\/04\/E-Jugend-2024-2048x1254.jpg 2048w\" sizes=\"auto, (max-width: 1024px) 100vw, 1024px\" \/><\/figure>\n\n\n\n<p><\/p>\n\n\n\n<p>Bei unseren Minis werden 5-8-j\u00e4hrige Kinder spielerisch an das Fangen und Werfen, sowie an erste Teamspiele mit dem Ball in der Hand herangef\u00fchrt. Wir freuen uns \u00fcber den regen Zulauf und nehmen weiterhin gerne neue Schnupperkinder auf.<\/p>\n\n\n\n<p><strong><em><a href=\"http:\/\/handball.xn--ek-hfingen-hcb.de\/ueber-uns\/?page_id=171\">Trainingszeiten<\/a><\/em><\/strong><\/p>\n","protected":false},"excerpt":{"rendered":"<p>Bei unseren Minis werden 5-8-j\u00e4hrige Kinder spielerisch an das Fangen und Werfen, sowie an erste Teamspiele mit dem Ball in der Hand herangef\u00fchrt. Wir freuen uns \u00fcber den regen Zulauf und nehmen weiterhin gerne neue Schnupperkinder auf. Trainingszeiten<\/p>\n","protected":false},"author":1,"featured_media":0,"parent":0,"menu_order":0,"comment_status":"closed","ping_status":"closed","template":"","meta":{"_themeisle_gutenberg_block_has_review":false,"footnotes":""},"class_list":["post-144","page","type-page","status-publish","hentry"],"_links":{"self":[{"href":"https:\/\/ek-h\u00f6fingen.de\/ueber-uns\/index.php?rest_route=\/wp\/v2\/pages\/144","targetHints":{"allow":["GET"]}}],"collection":[{"href":"https:\/\/ek-h\u00f6fingen.de\/ueber-uns\/index.php?rest_route=\/wp\/v2\/pages"}],"about":[{"href":"https:\/\/ek-h\u00f6fingen.de\/ueber-uns\/index.php?rest_route=\/wp\/v2\/types\/page"}],"author":[{"embeddable":true,"href":"https:\/\/ek-h\u00f6fingen.de\/ueber-uns\/index.php?rest_route=\/wp\/v2\/users\/1"}],"replies":[{"embeddable":true,"href":"https:\/\/ek-h\u00f6fingen.de\/ueber-uns\/index.php?rest_route=%2Fwp%2Fv2%2Fcomments&post=144"}],"version-history":[{"count":3,"href":"https:\/\/ek-h\u00f6fingen.de\/ueber-uns\/index.php?rest_route=\/wp\/v2\/pages\/144\/revisions"}],"predecessor-version":[{"id":388,"href":"https:\/\/ek-h\u00f6fingen.de\/ueber-uns\/index.php?rest_route=\/wp\/v2\/pages\/144\/revisions\/388"}],"wp:attachment":[{"href":"https:\/\/ek-h\u00f6fingen.de\/ueber-uns\/index.php?rest_route=%2Fwp%2Fv2%2Fmedia&parent=144"}],"curies":[{"name":"wp","href":"https:\/\/api.w.org\/{rel}","templated":true}]}}