{"id":151,"date":"2024-04-28T09:42:55","date_gmt":"2024-04-28T09:42:55","guid":{"rendered":"http:\/\/handball.xn--ek-hfingen-hcb.de\/?page_id=151"},"modified":"2025-10-08T19:47:59","modified_gmt":"2025-10-08T19:47:59","slug":"unsere-mannschaften","status":"publish","type":"page","link":"https:\/\/ek-h\u00f6fingen.de\/ueber-uns\/?page_id=151","title":{"rendered":"Unsere Mannschaften"},"content":{"rendered":"\n<p><a href=\"http:\/\/handball.xn--ek-hfingen-hcb.de\/?page_id=141\"><strong>1. Mannschaft Herren<\/strong><\/a><\/p>\n\n\n\n<p>Unsere Herrenmannschaft spielte viele Jahre in der Landesliga des <strong><em>ejw<\/em><\/strong> <strong><em>Handball W\u00fcrttemberg<\/em><\/strong>. Klicke auf diesen<a href=\"https:\/\/eichenkreuzliga.de\/handball\/team\/t\/65\/c\/657\" data-type=\"link\" data-id=\"https:\/\/eichenkreuzliga.de\/handball\/team\/t\/65\/c\/657\"> Link zur \u00dcbersicht aller Spiele der Saison 2024\/25<\/a>. In der Saison 2025\/26 k\u00f6nnen wir aufgrund von Personalmangel leider keine Mannschaft mehr stellen. An dieser Stelle bedanken wir uns f\u00fcr den Einsatz aller Spieler und Trainer f\u00fcr Ihren jahrelangen engagierten Einsatz!<\/p>\n\n\n\n<p><\/p>\n\n\n\n<p><a href=\"http:\/\/handball.xn--ek-hfingen-hcb.de\/?page_id=141\"><strong>Jugend<\/strong><\/a><\/p>\n\n\n\n<p>Seit der Saison 2025\/26 haben wir eine weibliche C-Jugend, eine m\u00e4nnliche (gemischte) D-Jugend und eine E-Jugend am Start. Au\u00dferdem f\u00fchren wir j\u00fcngere Kinder bis 8 Jahre bei den Minis an das Handballspielen heran.<\/p>\n\n\n\n<p><strong><a href=\"http:\/\/handball.xn--ek-hfingen-hcb.de\/?page_id=142\">wC-Jugend<\/a> (M\u00e4dchen bis 14 Jahre)<\/strong><\/p>\n\n\n\n<p><strong><a href=\"http:\/\/handball.xn--ek-hfingen-hcb.de\/?page_id=142\">D-Jugend<\/a> (M\u00e4dchen und Jungen bis 12 Jahre)<\/strong><\/p>\n\n\n\n<p><strong><a href=\"http:\/\/handball.xn--ek-hfingen-hcb.de\/?page_id=143\">E-Jugend<\/a> (9 &#8211; 10 Jahre)<\/strong><\/p>\n\n\n\n<p><strong><a href=\"http:\/\/handball.xn--ek-hfingen-hcb.de\/?page_id=144\">Minis<\/a> (5 &#8211; 8 Jahre)<\/strong><\/p>\n\n\n\n<p>Unsere Minis spielen generell als gemischte Mannschaft auf einzelnen Mini-Spieltagen<\/p>\n\n\n\n<p><\/p>\n","protected":false},"excerpt":{"rendered":"<p>1. Mannschaft Herren Unsere Herrenmannschaft spielte viele Jahre in der Landesliga des ejw Handball W\u00fcrttemberg. Klicke auf diesen Link zur \u00dcbersicht aller Spiele der Saison 2024\/25. In der Saison 2025\/26 k\u00f6nnen wir aufgrund von Personalmangel leider keine Mannschaft mehr stellen. An dieser Stelle bedanken wir uns f\u00fcr den Einsatz aller [&hellip;]<\/p>\n","protected":false},"author":1,"featured_media":0,"parent":0,"menu_order":0,"comment_status":"closed","ping_status":"closed","template":"","meta":{"_themeisle_gutenberg_block_has_review":false,"footnotes":""},"class_list":["post-151","page","type-page","status-publish","hentry"],"_links":{"self":[{"href":"https:\/\/ek-h\u00f6fingen.de\/ueber-uns\/index.php?rest_route=\/wp\/v2\/pages\/151","targetHints":{"allow":["GET"]}}],"collection":[{"href":"https:\/\/ek-h\u00f6fingen.de\/ueber-uns\/index.php?rest_route=\/wp\/v2\/pages"}],"about":[{"href":"https:\/\/ek-h\u00f6fingen.de\/ueber-uns\/index.php?rest_route=\/wp\/v2\/types\/page"}],"author":[{"embeddable":true,"href":"https:\/\/ek-h\u00f6fingen.de\/ueber-uns\/index.php?rest_route=\/wp\/v2\/users\/1"}],"replies":[{"embeddable":true,"href":"https:\/\/ek-h\u00f6fingen.de\/ueber-uns\/index.php?rest_route=%2Fwp%2Fv2%2Fcomments&post=151"}],"version-history":[{"count":15,"href":"https:\/\/ek-h\u00f6fingen.de\/ueber-uns\/index.php?rest_route=\/wp\/v2\/pages\/151\/revisions"}],"predecessor-version":[{"id":615,"href":"https:\/\/ek-h\u00f6fingen.de\/ueber-uns\/index.php?rest_route=\/wp\/v2\/pages\/151\/revisions\/615"}],"wp:attachment":[{"href":"https:\/\/ek-h\u00f6fingen.de\/ueber-uns\/index.php?rest_route=%2Fwp%2Fv2%2Fmedia&parent=151"}],"curies":[{"name":"wp","href":"https:\/\/api.w.org\/{rel}","templated":true}]}}