{"id":212,"date":"2024-04-28T16:26:11","date_gmt":"2024-04-28T16:26:11","guid":{"rendered":"http:\/\/handball.xn--ek-hfingen-hcb.de\/?page_id=212"},"modified":"2024-10-03T09:47:23","modified_gmt":"2024-10-03T09:47:23","slug":"downloads","status":"publish","type":"page","link":"https:\/\/ek-h\u00f6fingen.de\/ueber-uns\/?page_id=212","title":{"rendered":"Downloads"},"content":{"rendered":"\n<p>Bitte diese Formulare anklicken&#8230; <\/p>\n\n\n\n<p><strong><a href=\"https:\/\/xn--ek-hfingen-hcb.de\/wp-content\/uploads\/2024\/10\/Mitgliedsantrag_EKH_2024.pdf\">Mitgliedsantrag<\/a><\/strong><\/p>\n\n\n\n<p>Antrag ausdrucken, ausf\u00fcllen und bei Deinem \u00dcbungsleiter abgeben.<\/p>\n\n\n\n<p><strong><a href=\"https:\/\/xn--ek-hfingen-hcb.de\/wp-content\/uploads\/2024\/06\/Datenschutzordnung_Verein-EKH.pdf\">Datenschutzordnung EK H\u00f6fingen<\/a><\/strong><\/p>\n\n\n\n<p><strong><a href=\"https:\/\/xn--ek-hfingen-hcb.de\/wp-content\/uploads\/2024\/06\/EKH_Satzung.pdf\">Satzung des Vereins EK H\u00f6fingen e.V.<\/a><\/strong><\/p>\n\n\n\n<p><\/p>\n","protected":false},"excerpt":{"rendered":"<p>Bitte diese Formulare anklicken&#8230; Mitgliedsantrag Antrag ausdrucken, ausf\u00fcllen und bei Deinem \u00dcbungsleiter abgeben. Datenschutzordnung EK H\u00f6fingen Satzung des Vereins EK H\u00f6fingen e.V.<\/p>\n","protected":false},"author":1,"featured_media":0,"parent":0,"menu_order":0,"comment_status":"closed","ping_status":"closed","template":"","meta":{"_themeisle_gutenberg_block_has_review":false,"footnotes":""},"class_list":["post-212","page","type-page","status-publish","hentry"],"_links":{"self":[{"href":"https:\/\/ek-h\u00f6fingen.de\/ueber-uns\/index.php?rest_route=\/wp\/v2\/pages\/212","targetHints":{"allow":["GET"]}}],"collection":[{"href":"https:\/\/ek-h\u00f6fingen.de\/ueber-uns\/index.php?rest_route=\/wp\/v2\/pages"}],"about":[{"href":"https:\/\/ek-h\u00f6fingen.de\/ueber-uns\/index.php?rest_route=\/wp\/v2\/types\/page"}],"author":[{"embeddable":true,"href":"https:\/\/ek-h\u00f6fingen.de\/ueber-uns\/index.php?rest_route=\/wp\/v2\/users\/1"}],"replies":[{"embeddable":true,"href":"https:\/\/ek-h\u00f6fingen.de\/ueber-uns\/index.php?rest_route=%2Fwp%2Fv2%2Fcomments&post=212"}],"version-history":[{"count":21,"href":"https:\/\/ek-h\u00f6fingen.de\/ueber-uns\/index.php?rest_route=\/wp\/v2\/pages\/212\/revisions"}],"predecessor-version":[{"id":501,"href":"https:\/\/ek-h\u00f6fingen.de\/ueber-uns\/index.php?rest_route=\/wp\/v2\/pages\/212\/revisions\/501"}],"wp:attachment":[{"href":"https:\/\/ek-h\u00f6fingen.de\/ueber-uns\/index.php?rest_route=%2Fwp%2Fv2%2Fmedia&parent=212"}],"curies":[{"name":"wp","href":"https:\/\/api.w.org\/{rel}","templated":true}]}}