{"id":236,"date":"2024-05-02T16:12:49","date_gmt":"2024-05-02T16:12:49","guid":{"rendered":"http:\/\/handball.xn--ek-hfingen-hcb.de\/?page_id=236"},"modified":"2025-10-08T19:42:14","modified_gmt":"2025-10-08T19:42:14","slug":"ueber-uns","status":"publish","type":"page","link":"https:\/\/ek-h\u00f6fingen.de\/ueber-uns\/","title":{"rendered":"\u00dcber uns&#8230;"},"content":{"rendered":"\n<p><\/p>\n\n\n<p class=\"p1\">Der Handballverein Eichenkreuz H\u00f6fingen geh\u00f6rt zu den kleineren Vereinen in Leonberg, bildet aber mit mehr als <span class=\"s1\">200 Mitgliedern<\/span> eine gr\u00f6\u00dfere Sportgruppe in unserem Teilort H\u00f6fingen.<\/p>\n<p class=\"p1\">In unserer Jugendabteilung trainieren und spielen \u00fcber 60 M\u00e4dchen und Jungen, verteilt auf Minis (5-8 Jahre), E-Jugend (9-10 Jahre) und D-Jugend (11-12 Jahre) und einer weiblichen C-Jungend (13-14 Jahre). Die Herrenmannschaft, die leider seit der Saison 2025\/26 nicht mehr antreten kann, spielte 7 Jahre lang<span class=\"s1\"> in der h\u00f6chsten Spielklasse des Verbands<\/span> des Evangelischen Jugendwerks in W\u00fcrttemberg (<a href=\"https:\/\/eichenkreuzliga.de\/handball\"><em>ejw<\/em><\/a>).\u00a0<\/p>\n<p class=\"p1\">Der regelm\u00e4\u00dfige Trainingsbetrieb in der Strohg\u00e4uhalle (<a href=\"http:\/\/handball.ek-h\u00f6fingen.de\/ueber-uns\/?page_id=171\"><span class=\"s1\"><i>\u00a0Trainingszeiten<\/i><\/span><\/a> ) wird von erfahrenen Spielern und Mitgliedern aus den eigenen Reihen ehrenamtlich geleitet. Gespielt wird an Wochenenden \u00fcber die Wintermonate.<\/p>\n<p class=\"p1\">Die recht niedrige Fluktuation im EK H\u00f6fingen deutet darauf hin, dass das Konzept im EK H\u00f6fingen stimmt. Sind die Jugendlichen erst einmal ein paar Jahre dabei, bleiben diese meist auch bis ins &#8220;hohe Handballalter&#8221;.<\/p>\n<p>Neben dem Handball wird auch die Fitness-Sportart <a href=\"http:\/\/handball.ek-h\u00f6fingen.de\/ueber-uns\/?page_id=90\"><em><strong>TaiBo<\/strong><\/em><\/a> angeboten. TaiBo verbindet die<span class=\"s2\"> <\/span>Elemente aus asiatischen Kampfsportarten wie Karate, Taekwondo oder Kickboxen mit Aerobic und wird meist zu schneller Musik praktiziert. Es handelt sich dabei jedoch nicht um Kampfsport bzw. Selbstverteidigungs-Technik, sondern um eine reine Fitness-Gymnastik.<\/p>\n<p class=\"p1\">Um den Zusammenhalt zu f\u00f6rdern, bieten wir den Mitgliedern immer wieder auch Aktivit\u00e4ten \u00fcber das eigene Sportprogramm hinaus an.\u00a0 Mit der Beteiligung am Weihnachtsmarkt und <span class=\"s1\">Schulfesten <\/span>machen wir gerne auch mal Werbung in eigener Sache und tragen im Rahmen unserer M\u00f6glichkeiten einen Beitrag zur sozialen Zusammenarbeit der Vereine und Schulen unserer Stadt bei.<\/p>\n<p class=\"p1\">Durch die von unserem Verein geleistete finanzielle Unterst\u00fctzung unserer <em><a href=\"http:\/\/handball.ek-h\u00f6fingen.de\/ueber-uns\/?page_id=245\">Patenkinder<\/a><\/em> wollen wir auch weltweit zu einem besseren Morgen beitragen.<span class=\"Apple-converted-space\">\u00a0<\/span><\/p>\n<p class=\"p1\">Wir freuen uns \u00fcber jeden, der gerne bei uns Sport treiben m\u00f6chte. Alle Interessierten sind uns zu folgenden Trainingszeiten jederzeit willkommen: <a href=\"http:\/\/handball.ek-h\u00f6fingen.de\/ueber-uns\/?page_id=171\"><em>Link zur \u00dcbersicht<\/em><\/a><\/p>","protected":false},"excerpt":{"rendered":"<p>Der Handballverein Eichenkreuz H\u00f6fingen geh\u00f6rt zu den kleineren Vereinen in Leonberg, bildet aber mit mehr als 200 Mitgliedern eine gr\u00f6\u00dfere Sportgruppe in unserem Teilort H\u00f6fingen. In unserer Jugendabteilung trainieren und spielen \u00fcber 60 M\u00e4dchen und Jungen, verteilt auf Minis (5-8 Jahre), E-Jugend (9-10 Jahre) und D-Jugend (11-12 Jahre) und einer [&hellip;]<\/p>\n","protected":false},"author":1,"featured_media":51,"parent":0,"menu_order":0,"comment_status":"closed","ping_status":"closed","template":"","meta":{"_themeisle_gutenberg_block_has_review":false,"footnotes":""},"class_list":["post-236","page","type-page","status-publish","has-post-thumbnail","hentry"],"_links":{"self":[{"href":"https:\/\/ek-h\u00f6fingen.de\/ueber-uns\/index.php?rest_route=\/wp\/v2\/pages\/236","targetHints":{"allow":["GET"]}}],"collection":[{"href":"https:\/\/ek-h\u00f6fingen.de\/ueber-uns\/index.php?rest_route=\/wp\/v2\/pages"}],"about":[{"href":"https:\/\/ek-h\u00f6fingen.de\/ueber-uns\/index.php?rest_route=\/wp\/v2\/types\/page"}],"author":[{"embeddable":true,"href":"https:\/\/ek-h\u00f6fingen.de\/ueber-uns\/index.php?rest_route=\/wp\/v2\/users\/1"}],"replies":[{"embeddable":true,"href":"https:\/\/ek-h\u00f6fingen.de\/ueber-uns\/index.php?rest_route=%2Fwp%2Fv2%2Fcomments&post=236"}],"version-history":[{"count":13,"href":"https:\/\/ek-h\u00f6fingen.de\/ueber-uns\/index.php?rest_route=\/wp\/v2\/pages\/236\/revisions"}],"predecessor-version":[{"id":611,"href":"https:\/\/ek-h\u00f6fingen.de\/ueber-uns\/index.php?rest_route=\/wp\/v2\/pages\/236\/revisions\/611"}],"wp:featuredmedia":[{"embeddable":true,"href":"https:\/\/ek-h\u00f6fingen.de\/ueber-uns\/index.php?rest_route=\/wp\/v2\/media\/51"}],"wp:attachment":[{"href":"https:\/\/ek-h\u00f6fingen.de\/ueber-uns\/index.php?rest_route=%2Fwp%2Fv2%2Fmedia&parent=236"}],"curies":[{"name":"wp","href":"https:\/\/api.w.org\/{rel}","templated":true}]}}