{"id":245,"date":"2024-05-03T17:50:41","date_gmt":"2024-05-03T17:50:41","guid":{"rendered":"http:\/\/handball.ek-h\u00f6fingen.de\/ueber-uns\/?page_id=245"},"modified":"2024-05-03T21:35:00","modified_gmt":"2024-05-03T21:35:00","slug":"startseite-home","status":"publish","type":"page","link":"https:\/\/ek-h\u00f6fingen.de\/ueber-uns\/?page_id=245","title":{"rendered":"Unsere Patenkinder"},"content":{"rendered":"\n<p>In unserem Verein stellen Kinder und Jugendliche den gr\u00f6\u00dften Teil der aktiven Mitglieder, denen wir ein regelm\u00e4\u00dfiges Training sowie Spiele und Turniere erm\u00f6glichen k\u00f6nnen.&nbsp;Dies ist unser Anliegen und Auftrag. Leider ist es nicht allen Kindern auf dieser Erde verg\u00f6nnt, in \u00e4hnlicher Weise aufzuwachsen und am Sport und Spiel teilzuhaben.<\/p>\n\n\n\n<p>Nicht zuletzt deshalb unterst\u00fctzen wir mehr als zwei Jahrzehnten Kinder in Entwicklungsl\u00e4ndern, die unter weitaus schlechteren Bedingungen aufwachsen m\u00fcssen.<\/p>\n\n\n\n<p>Wir unterst\u00fctzen mit monatlichen Zuwendungen an unterschiedliche Hilfsorganisationen, die wir aus den Mitgliedsbeitr\u00e4gen und Erl\u00f6sen aus unseren Veranstaltungen finanzieren.<\/p>\n\n\n\n<p>Aktuell unterst\u00fctzen wir ein Patenkind in Bangladesch und eine weiteres in Burkina Faso.&nbsp;Bei beiden Patenschaften stehen die medizinische Versorgung, die Schulbildung sowie der Zugang zu sauberem Trinkwasser f\u00fcr die Kinder und deren Familien und Gemeinden im Fokus.<\/p>\n\n\n\n<h2 class=\"wp-block-heading\">Assana<\/h2>\n\n\n\n<div class=\"wp-block-cover\"><span aria-hidden=\"true\" class=\"wp-block-cover__background has-background-dim\"><\/span><div class=\"wp-block-cover__inner-container is-layout-flow wp-block-cover-is-layout-flow\">\n<div class=\"wp-block-group\"><div class=\"wp-block-group__inner-container is-layout-constrained wp-block-group-is-layout-constrained\">\n<div class=\"wp-block-columns is-layout-flex wp-container-core-columns-is-layout-28f84493 wp-block-columns-is-layout-flex\">\n<div class=\"wp-block-column is-layout-flow wp-block-column-is-layout-flow\" style=\"flex-basis:100%\">\n<div class=\"wp-block-cover has-parallax\"><span aria-hidden=\"true\" class=\"wp-block-cover__background has-background-dim\"><\/span><div class=\"wp-block-cover__image-background wp-image-319 has-parallax\" style=\"background-position:50% 50%;background-image:url(http:\/\/handball.xn--ek-hfingen-hcb.de\/wp-content\/uploads\/2024\/05\/Bild_Assana_klein.jpg)\"><\/div><div class=\"wp-block-cover__inner-container is-layout-flow wp-block-cover-is-layout-flow\">\n<ul class=\"has-large-font-size wp-block-list\">\n<li class=\"has-medium-font-size\">Alter: 13 Jahre<\/li>\n\n\n\n<li class=\"has-medium-font-size\">Patenschaft seit: 2011<\/li>\n\n\n\n<li class=\"has-medium-font-size\">Hilfsorganisation: Plan International<\/li>\n\n\n\n<li class=\"has-medium-font-size\">Geburtsort: Korittenga<\/li>\n\n\n\n<li class=\"has-medium-font-size\">Land: Burkina Faso<\/li>\n\n\n\n<li class=\"has-medium-font-size\">Muttersprache: More<\/li>\n\n\n\n<li class=\"has-medium-font-size\">Religion: Islam<\/li>\n<\/ul>\n<\/div><\/div>\n<\/div>\n<\/div>\n<\/div><\/div>\n<\/div><\/div>\n\n\n\n<p><\/p>\n\n\n\n<p><\/p>\n\n\n\n<h2 class=\"wp-block-heading\">Apon<\/h2>\n\n\n\n<div class=\"wp-block-cover has-parallax\" style=\"min-height:1249px;aspect-ratio:unset;\"><span aria-hidden=\"true\" class=\"wp-block-cover__background has-background-dim\"><\/span><div class=\"wp-block-cover__image-background wp-image-321 has-parallax\" style=\"background-position:50% 50%;background-image:url(http:\/\/handball.xn--ek-hfingen-hcb.de\/wp-content\/uploads\/2024\/05\/Bild_Apon_klein.jpg)\"><\/div><div class=\"wp-block-cover__inner-container is-layout-flow wp-block-cover-is-layout-flow\">\n<div class=\"wp-block-group\"><div class=\"wp-block-group__inner-container is-layout-constrained wp-block-group-is-layout-constrained\">\n<ul class=\"wp-block-list\">\n<li class=\"has-medium-font-size\">Geburtsdatum: 16.07.2007<\/li>\n\n\n\n<li class=\"has-medium-font-size\">Patenschaft seit: 2010<\/li>\n\n\n\n<li class=\"has-medium-font-size\">Hilfsorganisation: Kindernothilfe<\/li>\n\n\n\n<li class=\"has-medium-font-size\">Geburtsort: Shahapur Naogaon<\/li>\n\n\n\n<li class=\"has-medium-font-size\">Land: Bangladesch<\/li>\n\n\n\n<li class=\"has-medium-font-size\">Muttersprache: Bangali<\/li>\n\n\n\n<li class=\"has-medium-font-size\">Religion: Hindu<\/li>\n<\/ul>\n<\/div><\/div>\n<\/div><\/div>\n","protected":false},"excerpt":{"rendered":"<p>In unserem Verein stellen Kinder und Jugendliche den gr\u00f6\u00dften Teil der aktiven Mitglieder, denen wir ein regelm\u00e4\u00dfiges Training sowie Spiele und Turniere erm\u00f6glichen k\u00f6nnen.&nbsp;Dies ist unser Anliegen und Auftrag. Leider ist es nicht allen Kindern auf dieser Erde verg\u00f6nnt, in \u00e4hnlicher Weise aufzuwachsen und am Sport und Spiel teilzuhaben. Nicht [&hellip;]<\/p>\n","protected":false},"author":1,"featured_media":51,"parent":0,"menu_order":0,"comment_status":"closed","ping_status":"closed","template":"","meta":{"_themeisle_gutenberg_block_has_review":false,"footnotes":""},"class_list":["post-245","page","type-page","status-publish","has-post-thumbnail","hentry"],"_links":{"self":[{"href":"https:\/\/ek-h\u00f6fingen.de\/ueber-uns\/index.php?rest_route=\/wp\/v2\/pages\/245","targetHints":{"allow":["GET"]}}],"collection":[{"href":"https:\/\/ek-h\u00f6fingen.de\/ueber-uns\/index.php?rest_route=\/wp\/v2\/pages"}],"about":[{"href":"https:\/\/ek-h\u00f6fingen.de\/ueber-uns\/index.php?rest_route=\/wp\/v2\/types\/page"}],"author":[{"embeddable":true,"href":"https:\/\/ek-h\u00f6fingen.de\/ueber-uns\/index.php?rest_route=\/wp\/v2\/users\/1"}],"replies":[{"embeddable":true,"href":"https:\/\/ek-h\u00f6fingen.de\/ueber-uns\/index.php?rest_route=%2Fwp%2Fv2%2Fcomments&post=245"}],"version-history":[{"count":12,"href":"https:\/\/ek-h\u00f6fingen.de\/ueber-uns\/index.php?rest_route=\/wp\/v2\/pages\/245\/revisions"}],"predecessor-version":[{"id":332,"href":"https:\/\/ek-h\u00f6fingen.de\/ueber-uns\/index.php?rest_route=\/wp\/v2\/pages\/245\/revisions\/332"}],"wp:featuredmedia":[{"embeddable":true,"href":"https:\/\/ek-h\u00f6fingen.de\/ueber-uns\/index.php?rest_route=\/wp\/v2\/media\/51"}],"wp:attachment":[{"href":"https:\/\/ek-h\u00f6fingen.de\/ueber-uns\/index.php?rest_route=%2Fwp%2Fv2%2Fmedia&parent=245"}],"curies":[{"name":"wp","href":"https:\/\/api.w.org\/{rel}","templated":true}]}}