{"id":56,"date":"2023-10-20T13:58:06","date_gmt":"2023-10-20T13:58:06","guid":{"rendered":"http:\/\/handball.xn--ek-hfingen-hcb.de\/?page_id=56"},"modified":"2024-05-05T10:05:14","modified_gmt":"2024-05-05T10:05:14","slug":"impressum","status":"publish","type":"page","link":"https:\/\/ek-h\u00f6fingen.de\/ueber-uns\/?page_id=56","title":{"rendered":"Impressum"},"content":{"rendered":"\n<figure class=\"wp-block-table\"><table><tbody><tr><td><strong>Herausgeber<\/strong>:<br><br><br><strong>Hausanschrift<\/strong><br>EK H\u00f6fingen e.V<br>Gesch\u00e4ftsstelle &#8211; 1. Vostand <br>Lukas Weil<br>Weinbergstra\u00dfe 39<br>D-71229 Leonberg<br><br><strong>Postanschrift<\/strong><br>Alexander Kater<br>c\/o EK H\u00f6fingen e.V.<br>Rechbergstr. 8<br>D-71229 Leonberg<br><strong><a href=\"https:\/\/xn--ek-hfingen-hcb.de\/mailto.php?form=true\" target=\"_blank\" rel=\"noreferrer noopener\"><u>Email<\/u>\u00a0an die Verantwortlichen<\/a><\/strong><br><br><strong>Realisierung<\/strong> <strong>und Pflege der Seiten: <\/strong><br><br><em><strong>Screendesign<\/strong><\/em><br>J\u00fcrgen Weickum<br><em><strong>Technische Umsetzung<\/strong><\/em><br><a href=\"mailto:a.weickum@web.de\">Andreas Weickum<\/a><br><br><br><strong>Urheberrecht<\/strong><br>Copyright 2004<br>EK H\u00f6fingen e.V.. Alle Rechte vorbehalten. Alle Texte, Bilder, Graphiken, Ton-, Video- und Animationsdateien sowie ihre Arrangements unterliegen dem Urheberrecht und Gesetzen zum Schutz geistigen Eigentums.<img decoding=\"async\" src=\"https:\/\/xn--ek-hfingen-hcb.de\/pix\/copyright.png\" alt=\"\">\u00a02004 EK H\u00f6fingen.<br><br><strong>Haftungsausschluss<\/strong><br>EK H\u00f6fingen e.V. \u00fcbernimmt keine Garantie daf\u00fcr, dass die auf dieser Web Site bereitgestellten Informationen vollst\u00e4ndig, richtig und in jedem Falle aktuell sind. Dies gilt auch f\u00fcr alle Verbindungen (&#8220;Links&#8221;), die von dieser Web Site direkt oder indirekt verweisen. Der EK H\u00f6fingen e.V. ist f\u00fcr den Inhalt einer Seite, die mit einem Link erreicht wird, nicht verantwortlich. Der EK H\u00f6fingen e.V. beh\u00e4lt sich das Recht vor, ohne vorherige Ank\u00fcndigung, \u00c4nderungen oder Erg\u00e4nzungen der bereitgestellten Informationen vorzunehmen.Der EK H\u00f6fingen e.V. begr\u00fcndet durch die Bereitstellung dieser Informationen kein Vertragsangebot \u00fcber Ausk\u00fcnfte, Beratung oder \u00e4hnliche Vertragsbeziehungen. Jegliche Haftung f\u00fcr die Nutzung der Inhalte der Web Site oder die Richtigkeit der Inhalte oder die Erreichbarkeit der Web Site wird ausgeschlossen.Der EK H\u00f6fingen e.V. haftet daher nicht f\u00fcr konkrete, mittelbare und unmittelbare Sch\u00e4den oder Sch\u00e4den, die durch fehlende Nutzungsm\u00f6glichkeiten, Datenverluste oder entgangene Gewinne entstehen k\u00f6nnen, die im Zusammenhang mit der Nutzung von Dokumenten oder Informationen entstehen, die auf dieser Web Site zug\u00e4nglich sind.<\/td><\/tr><\/tbody><\/table><\/figure>\n\n\n\n<figure class=\"wp-block-image\"><img decoding=\"async\" src=\"https:\/\/xn--ek-hfingen-hcb.de\/pix\/spacer.gif\" alt=\"\"\/><\/figure>\n\n\n\n<figure class=\"wp-block-image\"><img decoding=\"async\" src=\"https:\/\/xn--ek-hfingen-hcb.de\/pix\/spacer.gif\" alt=\"\"\/><\/figure>\n","protected":false},"excerpt":{"rendered":"<p>Herausgeber: HausanschriftEK H\u00f6fingen e.VGesch\u00e4ftsstelle &#8211; 1. Vostand Lukas WeilWeinbergstra\u00dfe 39D-71229 Leonberg PostanschriftAlexander Katerc\/o EK H\u00f6fingen e.V.Rechbergstr. 8D-71229 LeonbergEmail\u00a0an die Verantwortlichen Realisierung und Pflege der Seiten: ScreendesignJ\u00fcrgen WeickumTechnische UmsetzungAndreas Weickum UrheberrechtCopyright 2004EK H\u00f6fingen e.V.. Alle Rechte vorbehalten. Alle Texte, Bilder, Graphiken, Ton-, Video- und Animationsdateien sowie ihre Arrangements unterliegen dem Urheberrecht [&hellip;]<\/p>\n","protected":false},"author":1,"featured_media":0,"parent":0,"menu_order":0,"comment_status":"closed","ping_status":"closed","template":"","meta":{"_themeisle_gutenberg_block_has_review":false,"footnotes":""},"class_list":["post-56","page","type-page","status-publish","hentry"],"_links":{"self":[{"href":"https:\/\/ek-h\u00f6fingen.de\/ueber-uns\/index.php?rest_route=\/wp\/v2\/pages\/56","targetHints":{"allow":["GET"]}}],"collection":[{"href":"https:\/\/ek-h\u00f6fingen.de\/ueber-uns\/index.php?rest_route=\/wp\/v2\/pages"}],"about":[{"href":"https:\/\/ek-h\u00f6fingen.de\/ueber-uns\/index.php?rest_route=\/wp\/v2\/types\/page"}],"author":[{"embeddable":true,"href":"https:\/\/ek-h\u00f6fingen.de\/ueber-uns\/index.php?rest_route=\/wp\/v2\/users\/1"}],"replies":[{"embeddable":true,"href":"https:\/\/ek-h\u00f6fingen.de\/ueber-uns\/index.php?rest_route=%2Fwp%2Fv2%2Fcomments&post=56"}],"version-history":[{"count":3,"href":"https:\/\/ek-h\u00f6fingen.de\/ueber-uns\/index.php?rest_route=\/wp\/v2\/pages\/56\/revisions"}],"predecessor-version":[{"id":342,"href":"https:\/\/ek-h\u00f6fingen.de\/ueber-uns\/index.php?rest_route=\/wp\/v2\/pages\/56\/revisions\/342"}],"wp:attachment":[{"href":"https:\/\/ek-h\u00f6fingen.de\/ueber-uns\/index.php?rest_route=%2Fwp%2Fv2%2Fmedia&parent=56"}],"curies":[{"name":"wp","href":"https:\/\/api.w.org\/{rel}","templated":true}]}}