{"id":59,"date":"2023-10-20T13:59:07","date_gmt":"2023-10-20T13:59:07","guid":{"rendered":"http:\/\/handball.xn--ek-hfingen-hcb.de\/?page_id=59"},"modified":"2023-10-20T14:35:01","modified_gmt":"2023-10-20T14:35:01","slug":"datenschutz","status":"publish","type":"page","link":"https:\/\/ek-h\u00f6fingen.de\/ueber-uns\/?page_id=59","title":{"rendered":"Datenschutz"},"content":{"rendered":"\n<p>Datenschutzordnung des EK H\u00f6fingen e.V.<br>(EK H\u00f6fingen e.V, Stand 05. Januar 2019)<br>Allgemeine Grunds\u00e4tze<br>Die Erhebung, Verarbeitung und Nutzung von personenbezogenen Daten erfolgt im Verein nach den<br>Richtlinien der EU-weiten Datenschutz-Grundverordnung (DS-GVO) sowie des g\u00fcltigen<br>Bundesdatenschutzgesetzes (BDSG). Die Konformit\u00e4t zum Datenschutz im Umgang mit<br>personenbezogenen Daten im Verein wird insbesondere durch ein Datenschutzmanagementsystem<br>gew\u00e4hrleistet.<br>Mit dem Beitritt eines Mitglieds zum Verein erfolgt eine datenschutzrechtliche Unterrichtung des<br>Mitglieds gem\u00e4\u00df Art. 13 Abs. 1 und Abs. 2 DS-GVO. Der Verein darf beim Vereinseintritt alle Daten<br>erheben (Aufnahmeantrag bzw. Beitrittserkl\u00e4rung), die zur Verfolgung der Vereinsziele und f\u00fcr die<br>Betreuung und Verwaltung der Mitglieder erforderlich sind (siehe Art. 6 Abs. 1 lit. b) DS-GVO).<br>F\u00fcr die Nutzung von personenbezogenen Daten sowie auch von Fotos im Rahmen der Pressearbeit in<br>den Print- und Online-Medien (Vereinshomepage, Social Media Plattform des Vereins) wird bei<br>Bedarf eine separate Einwilligung eingeholt.<br>Beitritt zum Verein<br>Mit dem Beitritt eines Mitglieds nimmt der Verein folgende personenbezogene Daten auf:<\/p>\n\n\n\n<ul class=\"wp-block-list\">\n<li>Vor- und Zuname<\/li>\n\n\n\n<li>Geschlecht<\/li>\n\n\n\n<li>Anschrift (Stra\u00dfe, Hausnummer, PLZ, Wohnort)<\/li>\n\n\n\n<li>Kommunikationsdaten (Telefon, E-Mail)<\/li>\n\n\n\n<li>Geburtsdatum und -ort<\/li>\n\n\n\n<li>Bankverbindung<br>Jedem Vereinsmitglied wird zudem eine vereinseigene Mitgliedsnummer zugeordnet.<br>Die personenbezogenen Daten werden in einem vereinseigenen EDV-System gespeichert, welches<br>durch technische und organisatorische Ma\u00dfnahmen vor einem unberechtigten Zugriff Dritter<br>gesch\u00fctzt ist.<br>Sonstige Informationen und Informationen \u00fcber Nichtmitglieder werden von dem Verein intern nur<br>erhoben und verarbeitet, wenn sie zur Erf\u00fcllung des Vereinszweckes n\u00fctzlich sind und keine<br>Anhaltspunkte bestehen, dass die betroffene Person ein schutzw\u00fcrdiges Interesse hat, das der<br>Verarbeitung entgegensteht.<br>Austritt aus dem Verein<br>Beim Austritt von Mitgliedern werden alle gespeicherten Daten archiviert. Die archivierten Daten<br>werden ebenfalls durch geeignete technische und organisatorische Ma\u00dfnahmen vor der<br>Kenntnisnahme Dritter gesch\u00fctzt. Die archivierten Daten d\u00fcrfen ebenfalls nur zu vereins- bzw.<br>verbandsinternen Zwecken verwendet werden.<br>Personenbezogene Daten des austretenden Mitglieds, die die Kassenverwaltung des Vereins<br>betreffen, werden gem\u00e4\u00df den steuergesetzlichen Bestimmungen bis zu zehn Kalenderjahre ab der<br>Wirksamkeit des Austritts durch den Verein aufbewahrt. Danach werden diese Daten gel\u00f6scht.<br><br>\u00dcbermittlung von Daten an den Verband<br>Als Mitglied im evangelischen Jugendwerk W\u00fcrttemberg. ist der Verein verpflichtet, zur<br>Erm\u00f6glichung des Spielbetriebes personenbezogene Daten aktiver Spieler an den Verband zu<br>\u00fcbermitteln. Dies sind insbesondere folgende Daten:<\/li>\n\n\n\n<li>Vor- und Nachname, Anschrift, Geburtsdatum, Geschlecht<\/li>\n\n\n\n<li>Qualifikationen (z.B. Trainerlizenzen)<br>Der Verein erkl\u00e4rt ausdr\u00fccklich bei Abgabe einer Mitgliedermeldung an den \u00fcbergeordneten<br>Kreisverband, dass die Daten ausschlie\u00dflich f\u00fcr verbandsinterne Zwecke verwendet werden d\u00fcrfen;<br>eine \u00dcberlassung an Dritte ist untersagt bzw. bedarf der schriftlichen Einwilligung der Mitglieder des<br>Vereins.<br>Die \u00dcbermittlung der Mitgliedermeldung erfolgt in einem datentechnisch verschl\u00fcsselten Verfahren.<br>\u00dcbermittlung von Daten an die Stadt Leonberg<br>Zum Erhalt von F\u00f6rdermitteln \u00fcbermittelt der Verein Mitgliederdaten an die Stadt Leonberg. Dies sind<br>insbesondere folgende Daten:<\/li>\n\n\n\n<li>Vor- und Nachname, Anschrift, Geburtsdatum, Geschlecht<br>\u00dcbermittlung von Daten an externe Dienstleister und Unternehmen<br>Der Versand von Schriftst\u00fccken kann durch externe Dienstleister erfolgen. Hierzu ist es erforderlich,<br>dem ausf\u00fchrenden Unternehmen personenbezogene Daten der Mitglieder zu \u00fcbermitteln. Die<br>\u00dcbermittlung und die Nutzung der Daten erfolgen lediglich zum Zweck des Versandes und sind<br>hierauf beschr\u00e4nkt. Eine \u00dcbermittlung personenbezogener Daten an Unternehmen zur<br>kommerziellen Nutzung findet nicht statt.<br>Pressearbeit<br>Der Verein informiert die Presse \u00fcber Ergebnisse und besondere Ereignisse. Solche Informationen<br>werden \u00fcberdies auf der Internetseite und der social-media-Plattform des Vereins ver\u00f6ffentlicht.<br>Das einzelne Mitglied kann jederzeit gegen\u00fcber dem Vorstand einer solchen Ver\u00f6ffentlichung<br>widersprechen. Im Falle des Widerspruches unterbleiben in Bezug auf das widersprechende Mitglied<br>weitere Ver\u00f6ffentlichungen. Personenbezogene Daten des widersprechenden Mitglieds werden von<br>der Homepage des Vereins entfernt. Der Verein das evangelische Jugendwerk in W\u00fcrttemberg von<br>dem Widerspruch des Mitglieds.<br>Mitgliederverzeichnisse werden nur an Vorstandsmitglieder und sonstige Mitglieder ausgeh\u00e4ndigt,<br>die im Verein nach Satzung und\/oder Gesch\u00e4ftsordnung eine besondere Funktion aus\u00fcben, welche<br>die Kenntnis der Mitgliederdaten erfordert. Macht ein Mitglied geltend, dass er die Mitgliederliste<br>zur Wahrnehmung seiner satzungsm\u00e4\u00dfigen Rechte ben\u00f6tigt, h\u00e4ndigt der Vorstand die Liste nur<br>gegen die Zusicherung aus, dass die Mitgliederdaten nicht zu anderen Zwecken verwendet werden.<br>Nach Wegfall der Erforderlichkeit sind die Daten zu l\u00f6schen.<\/li>\n<\/ul>\n","protected":false},"excerpt":{"rendered":"<p>Datenschutzordnung des EK H\u00f6fingen e.V.(EK H\u00f6fingen e.V, Stand 05. Januar 2019)Allgemeine Grunds\u00e4tzeDie Erhebung, Verarbeitung und Nutzung von personenbezogenen Daten erfolgt im Verein nach denRichtlinien der EU-weiten Datenschutz-Grundverordnung (DS-GVO) sowie des g\u00fcltigenBundesdatenschutzgesetzes (BDSG). Die Konformit\u00e4t zum Datenschutz im Umgang mitpersonenbezogenen Daten im Verein wird insbesondere durch ein Datenschutzmanagementsystemgew\u00e4hrleistet.Mit dem Beitritt eines [&hellip;]<\/p>\n","protected":false},"author":1,"featured_media":0,"parent":0,"menu_order":0,"comment_status":"closed","ping_status":"closed","template":"","meta":{"_themeisle_gutenberg_block_has_review":false,"footnotes":""},"class_list":["post-59","page","type-page","status-publish","hentry"],"_links":{"self":[{"href":"https:\/\/ek-h\u00f6fingen.de\/ueber-uns\/index.php?rest_route=\/wp\/v2\/pages\/59","targetHints":{"allow":["GET"]}}],"collection":[{"href":"https:\/\/ek-h\u00f6fingen.de\/ueber-uns\/index.php?rest_route=\/wp\/v2\/pages"}],"about":[{"href":"https:\/\/ek-h\u00f6fingen.de\/ueber-uns\/index.php?rest_route=\/wp\/v2\/types\/page"}],"author":[{"embeddable":true,"href":"https:\/\/ek-h\u00f6fingen.de\/ueber-uns\/index.php?rest_route=\/wp\/v2\/users\/1"}],"replies":[{"embeddable":true,"href":"https:\/\/ek-h\u00f6fingen.de\/ueber-uns\/index.php?rest_route=%2Fwp%2Fv2%2Fcomments&post=59"}],"version-history":[{"count":2,"href":"https:\/\/ek-h\u00f6fingen.de\/ueber-uns\/index.php?rest_route=\/wp\/v2\/pages\/59\/revisions"}],"predecessor-version":[{"id":73,"href":"https:\/\/ek-h\u00f6fingen.de\/ueber-uns\/index.php?rest_route=\/wp\/v2\/pages\/59\/revisions\/73"}],"wp:attachment":[{"href":"https:\/\/ek-h\u00f6fingen.de\/ueber-uns\/index.php?rest_route=%2Fwp%2Fv2%2Fmedia&parent=59"}],"curies":[{"name":"wp","href":"https:\/\/api.w.org\/{rel}","templated":true}]}}