{"id":62,"date":"2023-10-20T13:59:29","date_gmt":"2023-10-20T13:59:29","guid":{"rendered":"http:\/\/handball.xn--ek-hfingen-hcb.de\/?page_id=62"},"modified":"2024-05-05T10:17:24","modified_gmt":"2024-05-05T10:17:24","slug":"kontakt","status":"publish","type":"page","link":"https:\/\/ek-h\u00f6fingen.de\/ueber-uns\/?page_id=62","title":{"rendered":"Kontakt"},"content":{"rendered":"\n<p>Wir freuen uns \u00fcber jede Anregung oder Anfrage und bem\u00fchen uns, diese postwendend per e-mail zu beantworten.<\/p>\n\n\n\n<p>Dazu bitten wir um Kontaktaufnahme \u00fcber eine dieser e-mail-Adressen:<\/p>\n\n\n\n<p><a href=\"mailto:info@ek-hoefingen.de\"><strong><em>info@ek-hoefingen.de<\/em><\/strong><\/a>  f\u00fcr allgemeine Anfragen<\/p>\n\n\n\n<p><a href=\"mailto:vorstand@ek-hoefingen.de\"><strong><em>vorstand@ek-hoefingen.de<\/em><\/strong><\/a> direkt an den Vorstand<\/p>\n\n\n\n<p><a href=\"mailto:jugendleiter@ek-hoefingen.de?subject=Kontaktformular%20(Jugendleiter)\"><strong><em>jugendleiter@ek-hoefingen.de<\/em><\/strong><\/a> zum Jugendleiter<\/p>\n\n\n\n<p><a href=\"mailto:webmaster@ek-hoefingen.de?subject=Kontaktformular%20(Webmaster)\"><strong><em>webmaster@ek-hoefingen.de<\/em><\/strong><\/a> wenn Dir an der Homepage etwas aufgefallen ist.<\/p>\n","protected":false},"excerpt":{"rendered":"<p>Wir freuen uns \u00fcber jede Anregung oder Anfrage und bem\u00fchen uns, diese postwendend per e-mail zu beantworten. Dazu bitten wir um Kontaktaufnahme \u00fcber eine dieser e-mail-Adressen: info@ek-hoefingen.de f\u00fcr allgemeine Anfragen vorstand@ek-hoefingen.de direkt an den Vorstand jugendleiter@ek-hoefingen.de zum Jugendleiter webmaster@ek-hoefingen.de wenn Dir an der Homepage etwas aufgefallen ist.<\/p>\n","protected":false},"author":1,"featured_media":0,"parent":0,"menu_order":0,"comment_status":"closed","ping_status":"closed","template":"","meta":{"_themeisle_gutenberg_block_has_review":false,"footnotes":""},"class_list":["post-62","page","type-page","status-publish","hentry"],"_links":{"self":[{"href":"https:\/\/ek-h\u00f6fingen.de\/ueber-uns\/index.php?rest_route=\/wp\/v2\/pages\/62","targetHints":{"allow":["GET"]}}],"collection":[{"href":"https:\/\/ek-h\u00f6fingen.de\/ueber-uns\/index.php?rest_route=\/wp\/v2\/pages"}],"about":[{"href":"https:\/\/ek-h\u00f6fingen.de\/ueber-uns\/index.php?rest_route=\/wp\/v2\/types\/page"}],"author":[{"embeddable":true,"href":"https:\/\/ek-h\u00f6fingen.de\/ueber-uns\/index.php?rest_route=\/wp\/v2\/users\/1"}],"replies":[{"embeddable":true,"href":"https:\/\/ek-h\u00f6fingen.de\/ueber-uns\/index.php?rest_route=%2Fwp%2Fv2%2Fcomments&post=62"}],"version-history":[{"count":3,"href":"https:\/\/ek-h\u00f6fingen.de\/ueber-uns\/index.php?rest_route=\/wp\/v2\/pages\/62\/revisions"}],"predecessor-version":[{"id":344,"href":"https:\/\/ek-h\u00f6fingen.de\/ueber-uns\/index.php?rest_route=\/wp\/v2\/pages\/62\/revisions\/344"}],"wp:attachment":[{"href":"https:\/\/ek-h\u00f6fingen.de\/ueber-uns\/index.php?rest_route=%2Fwp%2Fv2%2Fmedia&parent=62"}],"curies":[{"name":"wp","href":"https:\/\/api.w.org\/{rel}","templated":true}]}}